{"id":15,"date":"2013-07-01T18:38:05","date_gmt":"2013-07-01T17:38:05","guid":{"rendered":"http:\/\/www.yannak.ch\/?page_id=15"},"modified":"2023-07-14T10:15:44","modified_gmt":"2023-07-14T09:15:44","slug":"audio-video","status":"publish","type":"page","link":"https:\/\/www.yannaerosol.ch\/?page_id=15","title":{"rendered":"Vid\u00e9os et enregistrements"},"content":{"rendered":"\n<figure class=\"wp-block-pullquote\"><blockquote><p><strong><a href=\"http:\/\/www.yannak.ch\/?page_id=714\">Enregistrements audio :<span style=\"text-decoration: underline;\"><\/span><\/a><\/strong><\/p><\/blockquote><\/figure>\n\n\n\n<p>Vous trouverez <a href=\"http:\/\/www.yannak.ch\/?page_id=714\">ici<\/a> quelques maquettes et enregistrements. <\/p>\n\n\n\n<p><\/p>\n\n\n\n<p><\/p>\n\n\n\n<figure class=\"wp-block-pullquote\"><blockquote><p><strong>Vid\u00e9os et m\u00e9dias :<\/strong><\/p><\/blockquote><\/figure>\n\n\n\n<h1 class=\"wp-block-heading\">Aerosol Band<\/h1>\n\n\n\n<figure class=\"wp-block-embed is-type-video is-provider-youtube wp-block-embed-youtube wp-embed-aspect-16-9 wp-has-aspect-ratio\"><div class=\"wp-block-embed__wrapper\">\n<iframe loading=\"lazy\" title=\"Nestor\" width=\"605\" height=\"340\" src=\"https:\/\/www.youtube.com\/embed\/DOyV37wFSdw?feature=oembed\" frameborder=\"0\" allow=\"accelerometer; autoplay; clipboard-write; encrypted-media; gyroscope; picture-in-picture; web-share\" referrerpolicy=\"strict-origin-when-cross-origin\" allowfullscreen><\/iframe>\n<\/div><\/figure>\n\n\n\n<figure class=\"wp-block-embed is-type-video is-provider-youtube wp-block-embed-youtube wp-embed-aspect-16-9 wp-has-aspect-ratio\"><div class=\"wp-block-embed__wrapper\">\n<iframe loading=\"lazy\" title=\"Au Bord du Rh\u00f4ne\" width=\"605\" height=\"340\" src=\"https:\/\/www.youtube.com\/embed\/cDSAqYuZa6I?feature=oembed\" frameborder=\"0\" allow=\"accelerometer; autoplay; clipboard-write; encrypted-media; gyroscope; picture-in-picture; web-share\" referrerpolicy=\"strict-origin-when-cross-origin\" allowfullscreen><\/iframe>\n<\/div><\/figure>\n\n\n\n<figure class=\"wp-block-embed is-type-video is-provider-youtube wp-block-embed-youtube wp-embed-aspect-16-9 wp-has-aspect-ratio\"><div class=\"wp-block-embed__wrapper\">\n<iframe loading=\"lazy\" title=\"Demain J&#039;arre\u0302te\" width=\"605\" height=\"340\" src=\"https:\/\/www.youtube.com\/embed\/mOrJv41wS2Y?feature=oembed\" frameborder=\"0\" allow=\"accelerometer; autoplay; clipboard-write; encrypted-media; gyroscope; picture-in-picture; web-share\" referrerpolicy=\"strict-origin-when-cross-origin\" allowfullscreen><\/iframe>\n<\/div><\/figure>\n\n\n\n<h1 class=\"wp-block-heading\">Albert Hall<\/h1>\n\n\n\n<p>En 1990, je participais \u00e0 la cr\u00e9ation d&rsquo;une Com\u00e9die Musicale. J&rsquo;avais 18 ans et c&rsquo;\u00e9tait une exp\u00e9rience magnifique. \u00c7a s&rsquo;appelle Albert Hall, et le spectacle a \u00e9t\u00e9 pr\u00e9sent\u00e9 \u00e0 La Traverse et a rencontr\u00e9 un grand succ\u00e8s. Le spectacle a \u00e9t\u00e9 enti\u00e8rement film\u00e9, avec les moyens de l&rsquo;\u00e9poque. <\/p>\n\n\n\n<figure class=\"wp-block-embed is-type-video is-provider-youtube wp-block-embed-youtube wp-embed-aspect-16-9 wp-has-aspect-ratio\"><div class=\"wp-block-embed__wrapper\">\n<iframe loading=\"lazy\" title=\"Albert Hall\" width=\"605\" height=\"340\" src=\"https:\/\/www.youtube.com\/embed\/videoseries?list=PL6Hqkhw866Dtv-FEwvx47DnZb9mmf4ohi\" frameborder=\"0\" allow=\"accelerometer; autoplay; clipboard-write; encrypted-media; gyroscope; picture-in-picture; web-share\" referrerpolicy=\"strict-origin-when-cross-origin\" allowfullscreen><\/iframe>\n<\/div><\/figure>\n\n\n\n<p><\/p>\n\n\n\n<h1 class=\"wp-block-heading\">Codebar<\/h1>\n\n\n\n<p><\/p>\n\n\n\n<p>Premi\u00e8re exp\u00e9rience de stand-up, plus ou moins improvis\u00e9e au Codebar :<\/p>\n\n\n\n<figure class=\"wp-block-embed is-type-video is-provider-youtube wp-block-embed-youtube wp-embed-aspect-16-9 wp-has-aspect-ratio\"><div class=\"wp-block-embed__wrapper\">\n<iframe loading=\"lazy\" title=\"Codebar Comedy Night 29 mai 2019, passage de Yann\" width=\"605\" height=\"340\" src=\"https:\/\/www.youtube.com\/embed\/a67w_CiPVyY?feature=oembed\" frameborder=\"0\" allow=\"accelerometer; autoplay; clipboard-write; encrypted-media; gyroscope; picture-in-picture; web-share\" referrerpolicy=\"strict-origin-when-cross-origin\" allowfullscreen><\/iframe>\n<\/div><\/figure>\n\n\n\n<p>Interview \u00e0 Radio-sans-cha\u00eene \u00e0 propos d\u2019une chorale que j\u2019ai anim\u00e9e :<\/p>\n\n\n\n<p><\/p>\n\n\n\n<figure class=\"wp-block-embed is-type-wp-embed is-provider-radio-sans-chaine wp-block-embed-radio-sans-chaine\"><div class=\"wp-block-embed__wrapper\">\nhttps:\/\/www.radio-sans-chaine.com\/podcasts\/11h-live-au-claire-de-la-rue\/\n<\/div><\/figure>\n\n\n\n<p>Interview pour le 5\u00e8me anniversaire du Codebar, aussi \u00e0 Radio-Sans-Cha\u00eene :<\/p>\n\n\n\n<p><\/p>\n\n\n\n<figure class=\"wp-block-embed is-type-wp-embed is-provider-radio-sans-chaine wp-block-embed-radio-sans-chaine\"><div class=\"wp-block-embed__wrapper\">\nhttps:\/\/www.radio-sans-chaine.com\/podcasts\/patrices-live-code-bar-yan\/\n<\/div><\/figure>\n\n\n\n<p>Encore \u00e0 propos du Codebar, un interview dans le cadre d\u2019un travail d\u2019\u00e9tudiant :<\/p>\n\n\n\n<p><\/p>\n\n\n\n<figure class=\"wp-block-embed is-type-video is-provider-youtube wp-block-embed-youtube wp-embed-aspect-16-9 wp-has-aspect-ratio\"><div class=\"wp-block-embed__wrapper\">\n<iframe loading=\"lazy\" title=\"Yann Aebersold \u2013 Le Codebar \u00e0 Gen\u00e8ve\" width=\"605\" height=\"340\" src=\"https:\/\/www.youtube.com\/embed\/E8rFi1wO5Eo?start=17&#038;feature=oembed\" frameborder=\"0\" allow=\"accelerometer; autoplay; clipboard-write; encrypted-media; gyroscope; picture-in-picture; web-share\" referrerpolicy=\"strict-origin-when-cross-origin\" allowfullscreen><\/iframe>\n<\/div><\/figure>\n\n\n\n<p><\/p>\n\n\n\n<p><\/p>\n\n\n\n<h1 class=\"wp-block-heading\">Kif<\/h1>\n\n\n\n<p><\/p>\n\n\n\n<p>Souvenirs de mon exp\u00e9rience avec le groupe <strong>Kif<\/strong>, superbes vid\u00e9o du Festi-Chaux :<\/p>\n\n\n\n<figure class=\"wp-block-embed is-type-video is-provider-youtube wp-block-embed-youtube wp-embed-aspect-16-9 wp-has-aspect-ratio\"><div class=\"wp-block-embed__wrapper\">\n<iframe loading=\"lazy\" title=\"KIF @ FESTI CHAUX 2015\" width=\"605\" height=\"340\" src=\"https:\/\/www.youtube.com\/embed\/qDpZl2n_Pmg?feature=oembed\" frameborder=\"0\" allow=\"accelerometer; autoplay; clipboard-write; encrypted-media; gyroscope; picture-in-picture; web-share\" referrerpolicy=\"strict-origin-when-cross-origin\" allowfullscreen><\/iframe>\n<\/div><\/figure>\n\n\n\n<figure class=\"wp-block-embed is-type-video is-provider-youtube wp-block-embed-youtube wp-embed-aspect-16-9 wp-has-aspect-ratio\"><div class=\"wp-block-embed__wrapper\">\n<iframe loading=\"lazy\" title=\"JAM SESSION   KIF &amp; JAY LANSEN\" width=\"605\" height=\"340\" src=\"https:\/\/www.youtube.com\/embed\/ak9UVSHX5Oc?feature=oembed\" frameborder=\"0\" allow=\"accelerometer; autoplay; clipboard-write; encrypted-media; gyroscope; picture-in-picture; web-share\" referrerpolicy=\"strict-origin-when-cross-origin\" allowfullscreen><\/iframe>\n<\/div><\/figure>\n\n\n\n<figure class=\"wp-block-embed is-type-video is-provider-youtube wp-block-embed-youtube wp-embed-aspect-16-9 wp-has-aspect-ratio\"><div class=\"wp-block-embed__wrapper\">\n<iframe loading=\"lazy\" title=\"KIF @ FESTI CHAUX 2018 1\" width=\"605\" height=\"340\" src=\"https:\/\/www.youtube.com\/embed\/zjNTFQghljs?feature=oembed\" frameborder=\"0\" allow=\"accelerometer; autoplay; clipboard-write; encrypted-media; gyroscope; picture-in-picture; web-share\" referrerpolicy=\"strict-origin-when-cross-origin\" allowfullscreen><\/iframe>\n<\/div><\/figure>\n\n\n\n<p><\/p>\n\n\n\n<h2 class=\"wp-block-heading\">AMR<\/h2>\n\n\n\n<p><\/p>\n\n\n\n<p>Souvenir de mon passage dans le Big-Band de L&rsquo;AMR, aux Cropettes :<\/p>\n\n\n\n<figure class=\"wp-block-embed is-type-video is-provider-youtube wp-block-embed-youtube wp-embed-aspect-16-9 wp-has-aspect-ratio\"><div class=\"wp-block-embed__wrapper\">\n<iframe loading=\"lazy\" title=\"Big Band AMR\/CPMDT de Gen\u00e8ve\" width=\"605\" height=\"340\" src=\"https:\/\/www.youtube.com\/embed\/_RqMUHibXgU?feature=oembed\" frameborder=\"0\" allow=\"accelerometer; autoplay; clipboard-write; encrypted-media; gyroscope; picture-in-picture; web-share\" referrerpolicy=\"strict-origin-when-cross-origin\" allowfullscreen><\/iframe>\n<\/div><\/figure>\n\n\n\n<p><\/p>\n\n\n\n<h1 class=\"wp-block-heading\">En solo<\/h1>\n\n\n\n<p><em><strong>Au bord du Rh\u00f4ne<\/strong> (texte Pinok, musique Yann)<\/em><\/p>\n\n\n\n<figure class=\"wp-block-embed is-type-video is-provider-youtube wp-block-embed-youtube wp-embed-aspect-16-9 wp-has-aspect-ratio\"><div class=\"wp-block-embed__wrapper\">\n<iframe loading=\"lazy\" title=\"Au bord du Rh\u00f4ne (Pinok\/Yann)\" width=\"605\" height=\"340\" src=\"https:\/\/www.youtube.com\/embed\/DaK0KYXK5kc?feature=oembed\" frameborder=\"0\" allow=\"accelerometer; autoplay; clipboard-write; encrypted-media; gyroscope; picture-in-picture; web-share\" referrerpolicy=\"strict-origin-when-cross-origin\" allowfullscreen><\/iframe>\n<\/div><\/figure>\n","protected":false},"excerpt":{"rendered":"<p>Enregistrements audio : Vous trouverez ici quelques maquettes et enregistrements. Vid\u00e9os et m\u00e9dias : Aerosol Band Albert Hall En 1990, je participais \u00e0 la cr\u00e9ation d&rsquo;une Com\u00e9die Musicale. J&rsquo;avais 18 ans et c&rsquo;\u00e9tait une exp\u00e9rience magnifique. \u00c7a s&rsquo;appelle Albert Hall, &hellip;<\/p>\n<p class=\"read-more\"> <a class=\"more-link\" href=\"https:\/\/www.yannaerosol.ch\/?page_id=15\"> <span class=\"screen-reader-text\">Vid\u00e9os et enregistrements<\/span> Read More &raquo;<\/a><\/p>\n","protected":false},"author":1,"featured_media":0,"parent":0,"menu_order":0,"comment_status":"open","ping_status":"open","template":"","meta":{"_uag_custom_page_level_css":"","footnotes":""},"class_list":["post-15","page","type-page","status-publish","hentry"],"uagb_featured_image_src":{"full":false,"thumbnail":false,"medium":false,"medium_large":false,"large":false,"1536x1536":false,"2048x2048":false,"responsive-100":false,"responsive-150":false,"responsive-200":false,"responsive-300":false,"responsive-450":false,"responsive-600":false,"responsive-900":false},"uagb_author_info":{"display_name":"yannak","author_link":"https:\/\/www.yannaerosol.ch\/?author=1"},"uagb_comment_info":4,"uagb_excerpt":"Enregistrements audio : Vous trouverez ici quelques maquettes et enregistrements. Vid\u00e9os et m\u00e9dias : Aerosol Band Albert Hall En 1990, je participais \u00e0 la cr\u00e9ation d&rsquo;une Com\u00e9die Musicale. J&rsquo;avais 18 ans et c&rsquo;\u00e9tait une exp\u00e9rience magnifique. \u00c7a s&rsquo;appelle Albert Hall, &hellip; Vid\u00e9os et enregistrements Read More &raquo;","_links":{"self":[{"href":"https:\/\/www.yannaerosol.ch\/index.php?rest_route=\/wp\/v2\/pages\/15","targetHints":{"allow":["GET"]}}],"collection":[{"href":"https:\/\/www.yannaerosol.ch\/index.php?rest_route=\/wp\/v2\/pages"}],"about":[{"href":"https:\/\/www.yannaerosol.ch\/index.php?rest_route=\/wp\/v2\/types\/page"}],"author":[{"embeddable":true,"href":"https:\/\/www.yannaerosol.ch\/index.php?rest_route=\/wp\/v2\/users\/1"}],"replies":[{"embeddable":true,"href":"https:\/\/www.yannaerosol.ch\/index.php?rest_route=%2Fwp%2Fv2%2Fcomments&post=15"}],"version-history":[{"count":54,"href":"https:\/\/www.yannaerosol.ch\/index.php?rest_route=\/wp\/v2\/pages\/15\/revisions"}],"predecessor-version":[{"id":1149,"href":"https:\/\/www.yannaerosol.ch\/index.php?rest_route=\/wp\/v2\/pages\/15\/revisions\/1149"}],"wp:attachment":[{"href":"https:\/\/www.yannaerosol.ch\/index.php?rest_route=%2Fwp%2Fv2%2Fmedia&parent=15"}],"curies":[{"name":"wp","href":"https:\/\/api.w.org\/{rel}","templated":true}]}}