{"id":1640,"date":"2025-01-05T08:51:09","date_gmt":"2025-01-05T07:51:09","guid":{"rendered":"https:\/\/www.yannaerosol.ch\/?page_id=1640"},"modified":"2025-08-01T20:45:34","modified_gmt":"2025-08-01T19:45:34","slug":"textes-et-essais","status":"publish","type":"page","link":"https:\/\/www.yannaerosol.ch\/?page_id=1640","title":{"rendered":"Textes et essais"},"content":{"rendered":"\n<p>Essai sur la possibilit\u00e9 d&rsquo;un bonheur pour tous! (juin 2025)<\/p>\n\n\n\n<p><a href=\"https:\/\/www.yannaerosol.ch\/wp-content\/uploads\/2025\/06\/Bonheur-pour-tous.pdf\" target=\"_blank\" rel=\"noreferrer noopener\">t\u00e9l\u00e9charger le texte ici<\/a><\/p>\n\n\n<a href=\"https:\/\/www.yannaerosol.ch\/wp-content\/uploads\/2025\/06\/Bonheur-pour-tous.pdf\" class=\"pdfemb-viewer\" style=\"\" data-width=\"max\" data-height=\"max\" data-toolbar=\"bottom\" data-toolbar-fixed=\"off\">Bonheur-pour-tous<\/a>\n\n\n<p>Petit essai sur la difficult\u00e9 de nous comprendre (janvier 2025)<\/p>\n\n\n\n<p><a href=\"https:\/\/www.yannaerosol.ch\/wp-content\/uploads\/2025\/01\/Avoir-toujours-raison-ne-paye-plus-1.pdf\" target=\"_blank\" rel=\"noreferrer noopener\">t\u00e9l\u00e9charger le texte ici<\/a><\/p>\n\n\n<a href=\"https:\/\/www.yannaerosol.ch\/wp-content\/uploads\/2025\/01\/Avoir-toujours-raison-ne-paye-plus-1.pdf\" class=\"pdfemb-viewer\" style=\"\" data-width=\"max\" data-height=\"max\" data-toolbar=\"bottom\" data-toolbar-fixed=\"off\">Avoir-toujours-raison-ne-paye-plus-1<\/a>\n\n\n<p><\/p>\n","protected":false},"excerpt":{"rendered":"<p>Essai sur la possibilit\u00e9 d&rsquo;un bonheur pour tous! (juin 2025) t\u00e9l\u00e9charger le texte ici Petit essai sur la difficult\u00e9 de nous comprendre (janvier 2025) t\u00e9l\u00e9charger le texte ici<\/p>\n","protected":false},"author":1,"featured_media":0,"parent":0,"menu_order":0,"comment_status":"closed","ping_status":"closed","template":"","meta":{"_uag_custom_page_level_css":"","footnotes":""},"class_list":["post-1640","page","type-page","status-publish","hentry"],"uagb_featured_image_src":{"full":false,"thumbnail":false,"medium":false,"medium_large":false,"large":false,"1536x1536":false,"2048x2048":false,"responsive-100":false,"responsive-150":false,"responsive-200":false,"responsive-300":false,"responsive-450":false,"responsive-600":false,"responsive-900":false},"uagb_author_info":{"display_name":"yannak","author_link":"https:\/\/www.yannaerosol.ch\/?author=1"},"uagb_comment_info":0,"uagb_excerpt":"Essai sur la possibilit\u00e9 d&rsquo;un bonheur pour tous! (juin 2025) t\u00e9l\u00e9charger le texte ici Petit essai sur la difficult\u00e9 de nous comprendre (janvier 2025) t\u00e9l\u00e9charger le texte ici","_links":{"self":[{"href":"https:\/\/www.yannaerosol.ch\/index.php?rest_route=\/wp\/v2\/pages\/1640","targetHints":{"allow":["GET"]}}],"collection":[{"href":"https:\/\/www.yannaerosol.ch\/index.php?rest_route=\/wp\/v2\/pages"}],"about":[{"href":"https:\/\/www.yannaerosol.ch\/index.php?rest_route=\/wp\/v2\/types\/page"}],"author":[{"embeddable":true,"href":"https:\/\/www.yannaerosol.ch\/index.php?rest_route=\/wp\/v2\/users\/1"}],"replies":[{"embeddable":true,"href":"https:\/\/www.yannaerosol.ch\/index.php?rest_route=%2Fwp%2Fv2%2Fcomments&post=1640"}],"version-history":[{"count":7,"href":"https:\/\/www.yannaerosol.ch\/index.php?rest_route=\/wp\/v2\/pages\/1640\/revisions"}],"predecessor-version":[{"id":3276,"href":"https:\/\/www.yannaerosol.ch\/index.php?rest_route=\/wp\/v2\/pages\/1640\/revisions\/3276"}],"wp:attachment":[{"href":"https:\/\/www.yannaerosol.ch\/index.php?rest_route=%2Fwp%2Fv2%2Fmedia&parent=1640"}],"curies":[{"name":"wp","href":"https:\/\/api.w.org\/{rel}","templated":true}]}}