{"id":714,"date":"2021-08-31T08:03:42","date_gmt":"2021-08-31T07:03:42","guid":{"rendered":"http:\/\/www.yannak.ch\/?page_id=714"},"modified":"2021-08-31T15:46:51","modified_gmt":"2021-08-31T14:46:51","slug":"enregistrements-audio","status":"publish","type":"page","link":"https:\/\/www.yannaerosol.ch\/?page_id=714","title":{"rendered":"Enregistrements Audio"},"content":{"rendered":"\n<h2 class=\"wp-block-heading\">Le groupe PME<\/h2>\n\n\n\n<p>Avec le noyau fondateur (Laurent Jaques et Pierre-Alexandre Lampert, suivi ensuite par notre grand ami le regrett\u00e9 Serge Amacker et bien d&rsquo;autres), ce groupe est notre grande entreprise de jeunesse, avec un r\u00e9pertoire de compositions originales dans un style rock progressif. Relativement peu de concerts en environ 8 ans d&rsquo;existence, mais un chouette r\u00e9pertoire et nos premi\u00e8re sessions studio.<\/p>\n\n\n\n<p><\/p>\n\n\n\n<p>MM (maquette studio, compo personnelle)<\/p>\n\n\n\n<figure class=\"wp-block-audio\"><audio controls src=\"http:\/\/www.yannak.ch\/wp-content\/uploads\/2014\/08\/mm.mp3\"><\/audio><\/figure>\n\n\n\n<p><\/p>\n\n\n\n<p>Sinistrose (idem)<\/p>\n\n\n\n<figure class=\"wp-block-audio\"><audio controls src=\"http:\/\/www.yannak.ch\/wp-content\/uploads\/2014\/08\/sinistrose.mp3\"><\/audio><\/figure>\n\n\n\n<p><\/p>\n\n\n\n<p>La Valse Bleue (composition du groupe en concert avec un duo alto\/violoncelle et Martin Wizard au sax )<\/p>\n\n\n\n<p><\/p>\n\n\n\n<figure class=\"wp-block-audio\"><audio controls src=\"http:\/\/www.yannak.ch\/wp-content\/uploads\/2019\/07\/06-Piste-6.mp3\"><\/audio><\/figure>\n\n\n\n<p><\/p>\n\n\n\n<h2 class=\"wp-block-heading\">Autres projets : <\/h2>\n\n\n\n<p><\/p>\n\n\n\n<p>Le groupe <strong>Compartiment premi\u00e8re <\/strong>\u00e9tait conduit par Bernard Rusbach \u00e0 la composition et la guitare, j&rsquo;y ai jou\u00e9 la basse. C&rsquo;\u00e9tait un r\u00e9pertoire blues-rock.<\/p>\n\n\n\n<p>Inexorablement (maquette avec Pierre Gautier \u00e0 la batterie)<\/p>\n\n\n\n<figure class=\"wp-block-audio\"><audio controls src=\"http:\/\/www.yannak.ch\/wp-content\/uploads\/2014\/08\/nanar.mp3\"><\/audio><\/figure>\n\n\n\n<p><\/p>\n\n\n\n<p><strong>Dr. Souris<\/strong> est le groupe de Philippe Schwitzgebel qui chante et compose un r\u00e9pertoire plut\u00f4t rock. J&rsquo;y ai aussi jou\u00e9 la basse.<\/p>\n\n\n\n<p>Le Bleu du Ciel (avec mes arrangements, enregistr\u00e9 dans mon local)<\/p>\n\n\n\n<figure class=\"wp-block-audio\"><audio controls src=\"http:\/\/www.yannak.ch\/wp-content\/uploads\/2014\/08\/le-bleu-du-ciel.mp3\"><\/audio><\/figure>\n\n\n\n<h2 class=\"wp-block-heading\"><strong>Divers :<\/strong><\/h2>\n\n\n\n<p>Rainbow Angel (compo en studio avec Eve Hoppkins au chant)<\/p>\n\n\n\n<figure class=\"wp-block-audio\"><audio controls src=\"http:\/\/www.yannak.ch\/wp-content\/uploads\/2014\/08\/rainbow-angel.mp3\"><\/audio><\/figure>\n\n\n\n<p><\/p>\n\n\n\n<p>Lundi Matin (Trio d&rsquo;improvisation totale et d&rsquo;exp\u00e9rimentation avec Vincent Blandin et Fernando Sixto)<\/p>\n\n\n\n<figure class=\"wp-block-audio\"><audio controls src=\"http:\/\/www.yannak.ch\/wp-content\/uploads\/2014\/08\/trio.mp3\"><\/audio><\/figure>\n\n\n\n<p><\/p>\n\n\n\n<p><\/p>\n","protected":false},"excerpt":{"rendered":"<p>Le groupe PME Avec le noyau fondateur (Laurent Jaques et Pierre-Alexandre Lampert, suivi ensuite par notre grand ami le regrett\u00e9 Serge Amacker et bien d&rsquo;autres), ce groupe est notre grande entreprise de jeunesse, avec un r\u00e9pertoire de compositions originales dans &hellip;<\/p>\n<p class=\"read-more\"> <a class=\"more-link\" href=\"https:\/\/www.yannaerosol.ch\/?page_id=714\"> <span class=\"screen-reader-text\">Enregistrements Audio<\/span> Read More &raquo;<\/a><\/p>\n","protected":false},"author":1,"featured_media":0,"parent":0,"menu_order":0,"comment_status":"closed","ping_status":"closed","template":"","meta":{"_uag_custom_page_level_css":"","footnotes":""},"class_list":["post-714","page","type-page","status-publish","hentry"],"uagb_featured_image_src":{"full":false,"thumbnail":false,"medium":false,"medium_large":false,"large":false,"1536x1536":false,"2048x2048":false,"responsive-100":false,"responsive-150":false,"responsive-200":false,"responsive-300":false,"responsive-450":false,"responsive-600":false,"responsive-900":false},"uagb_author_info":{"display_name":"yannak","author_link":"https:\/\/www.yannaerosol.ch\/?author=1"},"uagb_comment_info":0,"uagb_excerpt":"Le groupe PME Avec le noyau fondateur (Laurent Jaques et Pierre-Alexandre Lampert, suivi ensuite par notre grand ami le regrett\u00e9 Serge Amacker et bien d&rsquo;autres), ce groupe est notre grande entreprise de jeunesse, avec un r\u00e9pertoire de compositions originales dans &hellip; Enregistrements Audio Read More &raquo;","_links":{"self":[{"href":"https:\/\/www.yannaerosol.ch\/index.php?rest_route=\/wp\/v2\/pages\/714","targetHints":{"allow":["GET"]}}],"collection":[{"href":"https:\/\/www.yannaerosol.ch\/index.php?rest_route=\/wp\/v2\/pages"}],"about":[{"href":"https:\/\/www.yannaerosol.ch\/index.php?rest_route=\/wp\/v2\/types\/page"}],"author":[{"embeddable":true,"href":"https:\/\/www.yannaerosol.ch\/index.php?rest_route=\/wp\/v2\/users\/1"}],"replies":[{"embeddable":true,"href":"https:\/\/www.yannaerosol.ch\/index.php?rest_route=%2Fwp%2Fv2%2Fcomments&post=714"}],"version-history":[{"count":3,"href":"https:\/\/www.yannaerosol.ch\/index.php?rest_route=\/wp\/v2\/pages\/714\/revisions"}],"predecessor-version":[{"id":770,"href":"https:\/\/www.yannaerosol.ch\/index.php?rest_route=\/wp\/v2\/pages\/714\/revisions\/770"}],"wp:attachment":[{"href":"https:\/\/www.yannaerosol.ch\/index.php?rest_route=%2Fwp%2Fv2%2Fmedia&parent=714"}],"curies":[{"name":"wp","href":"https:\/\/api.w.org\/{rel}","templated":true}]}}